{"id":26,"date":"2023-11-23T13:27:06","date_gmt":"2023-11-23T12:27:06","guid":{"rendered":"http:\/\/anderswelt-media.de\/?page_id=26"},"modified":"2024-02-05T17:28:46","modified_gmt":"2024-02-05T16:28:46","slug":"media-uebersetzungen","status":"publish","type":"page","link":"https:\/\/anderswelt-media.de\/en\/media-uebersetzungen\/","title":{"rendered":"Media Translations"},"content":{"rendered":"<p>[et_pb_section fb_built=&#8220;1&#8243; disabled_on=&#8220;on|on|off&#8220; admin_label=&#8220;Section_media_desk&#8220; _builder_version=&#8220;4.23&#8243; _module_preset=&#8220;default&#8220; background_color=&#8220;gcid-dab267fa-4cf3-46b6-85a5-c5687a80b7e6&#8243; custom_margin=&#8220;||50px||false|false&#8220; global_colors_info=&#8220;{%22gcid-dab267fa-4cf3-46b6-85a5-c5687a80b7e6%22:%91%22background_color%22%93}&#8220;][et_pb_row column_structure=&#8220;1_2,1_2&#8243; _builder_version=&#8220;4.23&#8243; _module_preset=&#8220;default&#8220; global_colors_info=&#8220;{}&#8220;][et_pb_column type=&#8220;1_2&#8243; _builder_version=&#8220;4.23&#8243; _module_preset=&#8220;default&#8220; background_color=&#8220;gcid-a50a470d-102b-43ad-bdb6-4b7c94dc37e3&#8243; custom_padding=&#8220;32px||32px||false|false&#8220; global_colors_info=&#8220;{%22gcid-a50a470d-102b-43ad-bdb6-4b7c94dc37e3%22:%91%22background_color%22%93}&#8220;][et_pb_text _builder_version=&#8220;4.23&#8243; _module_preset=&#8220;default&#8220; header_3_text_color=&#8220;gcid-7f2b0d95-9dca-4908-a32f-cea5841712d7&#8243; header_4_text_color=&#8220;gcid-7f2b0d95-9dca-4908-a32f-cea5841712d7&#8243; width=&#8220;80%&#8220; custom_padding=&#8220;|||32px|false|false&#8220; animation_style=&#8220;fade&#8220; global_colors_info=&#8220;{%22gcid-7f2b0d95-9dca-4908-a32f-cea5841712d7%22:%91%22header_4_text_color%22,%22header_3_text_color%22%93}&#8220;]<\/p>\n<h3 style=\"color: #cabc98 !important;\">Content Translations German \/ English<\/h3>\n<p>&nbsp;<\/p>\n<p>Multi language content is becoming increasingly important for an international audience.<\/p>\n<p>Whether it's the text of your website, advertising material, voiceovers or subtitles for videos, we're happy to translate it all for you.<\/p>\n<p>[\/et_pb_text][et_pb_button button_url=&#8220;https:\/\/anderswelt-media.de\/kontakt\/&#8220; button_text=&#8220;Anfrage stellen&#8220; _builder_version=&#8220;4.23&#8243; _module_preset=&#8220;f266d11b-ba44-4adf-b94b-01182e6fd10a&#8220; animation_style=&#8220;fade&#8220; animation_delay=&#8220;50ms&#8220; hover_enabled=&#8220;0&#8243; global_colors_info=&#8220;{}&#8220; sticky_enabled=&#8220;0&#8243;][\/et_pb_button][\/et_pb_column][et_pb_column type=&#8220;1_2&#8243; _builder_version=&#8220;4.23&#8243; _module_preset=&#8220;default&#8220; transform_translate=&#8220;0px|-59px&#8220; transform_translate_linked=&#8220;off&#8220; vertical_offset=&#8220;111px&#8220; horizontal_offset=&#8220;-121px&#8220; global_colors_info=&#8220;{}&#8220;][et_pb_image src=&#8220;https:\/\/anderswelt-media.de\/wp-content\/uploads\/2023\/12\/Anderswelt-Media-Translation-Image-jpg.webp&#8220; alt=&#8220;Anderswelt Media \u00dcbersetzungen Bild&#8220; title_text=&#8220;Anderswelt Media \u00dcbersetzungen Bild&#8220; _builder_version=&#8220;4.23&#8243; _module_preset=&#8220;da4216f1-dcd2-40b6-abe3-ce69da69b4b8&#8243; background_color_gradient_stops=&#8220;gcid-7f2b0d95-9dca-4908-a32f-cea5841712d7 0%|gcid-d45b3139-16fe-4bcc-8deb-c1e3a3189c5a 100%&#8220; animation_style=&#8220;fade&#8220; animation_delay=&#8220;100ms&#8220; border_color_all=&#8220;gcid-dab267fa-4cf3-46b6-85a5-c5687a80b7e6&#8243; global_colors_info=&#8220;{%22gcid-d45b3139-16fe-4bcc-8deb-c1e3a3189c5a%22:%91%22background_color_gradient_stops%22,%22background_color_gradient_stops%22%93,%22gcid-7f2b0d95-9dca-4908-a32f-cea5841712d7%22:%91%22background_color_gradient_stops%22,%22background_color_gradient_stops%22%93,%22gcid-dab267fa-4cf3-46b6-85a5-c5687a80b7e6%22:%91%22background_color_gradient_stops%22,%22border_color_all%22,%22background_color_gradient_stops%22,%22border_color_all%22,%22border_color_all%22%93,%22gcid-a50a470d-102b-43ad-bdb6-4b7c94dc37e3%22:%91%22background_color_gradient_stops%22,%22background_color_gradient_stops%22%93,%22gcid-f58bd08b-0c68-4f6d-bc76-353e8a8beb66%22:%91%22background_color_gradient_stops%22,%22background_color_gradient_stops%22%93,%22gcid-6e3ea7b0-2b97-4c86-8d55-f45d1063870d%22:%91%22background_color_gradient_stops%22,%22background_color_gradient_stops%22%93,%22gcid-13de45b6-4bdd-43e5-9011-f3501836bf37%22:%91%22background_color_gradient_stops%22,%22background_color_gradient_stops%22%93}&#8220;][\/et_pb_image][\/et_pb_column][\/et_pb_row][\/et_pb_section][et_pb_section fb_built=&#8220;1&#8243; disabled_on=&#8220;off|off|on&#8220; admin_label=&#8220;Section_media_mb&#8220; _builder_version=&#8220;4.23&#8243; _module_preset=&#8220;default&#8220; background_color=&#8220;gcid-dab267fa-4cf3-46b6-85a5-c5687a80b7e6&#8243; global_colors_info=&#8220;{%22gcid-dab267fa-4cf3-46b6-85a5-c5687a80b7e6%22:%91%22background_color%22%93}&#8220;][et_pb_row make_equal=&#8220;on&#8220; _builder_version=&#8220;4.23&#8243; _module_preset=&#8220;default&#8220; width=&#8220;90%&#8220; global_colors_info=&#8220;{}&#8220;][et_pb_column type=&#8220;4_4&#8243; admin_label=&#8220;Column&#8220; _builder_version=&#8220;4.23&#8243; _module_preset=&#8220;default&#8220; global_colors_info=&#8220;{}&#8220;][et_pb_image src=&#8220;https:\/\/anderswelt-media.de\/wp-content\/uploads\/2023\/12\/Anderswelt-Media-Translation-Image-jpg.webp&#8220; alt=&#8220;Anderswelt Media \u00dcbersetzungen Bild&#8220; title_text=&#8220;Anderswelt Media \u00dcbersetzungen Bild&#8220; _builder_version=&#8220;4.23&#8243; _module_preset=&#8220;default&#8220; animation_style=&#8220;fade&#8220; global_colors_info=&#8220;{}&#8220;][\/et_pb_image][et_pb_text _builder_version=&#8220;4.23&#8243; _module_preset=&#8220;default&#8220; header_3_text_color=&#8220;gcid-7f2b0d95-9dca-4908-a32f-cea5841712d7&#8243; header_3_font_size=&#8220;21px&#8220; header_4_text_color=&#8220;gcid-7f2b0d95-9dca-4908-a32f-cea5841712d7&#8243; width=&#8220;100%&#8220; custom_padding=&#8220;|32px||32px|false|true&#8220; animation_style=&#8220;fade&#8220; global_colors_info=&#8220;{%22gcid-7f2b0d95-9dca-4908-a32f-cea5841712d7%22:%91%22header_4_text_color%22,%22header_3_text_color%22%93}&#8220;]<\/p>\n<h3 style=\"color: #cabc98 !important;\">Content Translations German \/ English<\/h3>\n<p>&nbsp;<\/p>\n<p>Multi language content is becoming increasingly important for an international audience.<\/p>\n<p>Whether it's the text of your website, advertising material, voiceovers or subtitles for videos, we're happy to translate it all for you.<\/p>\n<p>[\/et_pb_text][et_pb_button button_url=&#8220;https:\/\/anderswelt-media.de\/kontakt\/&#8220; button_text=&#8220;Anfrage stellen&#8220; _builder_version=&#8220;4.23&#8243; _module_preset=&#8220;735d83c3-fab0-4415-bd46-f722c99b6491&#8243; animation_style=&#8220;fade&#8220; hover_enabled=&#8220;0&#8243; global_colors_info=&#8220;{}&#8220; sticky_enabled=&#8220;0&#8243;][\/et_pb_button][\/et_pb_column][\/et_pb_row][\/et_pb_section]<\/p>","protected":false},"excerpt":{"rendered":"<p>Content \u00dcbersetzungen Deutsch \/ Englisch &nbsp; F\u00fcr ein internationales Publikum werden englische Inhalte immer wichtiger. Ob z.B. die Texte deiner Homepage, Werbematerial, Sprechertexte oder Untertitel f\u00fcr Videos, all dies \u00fcbersetzen wir gern f\u00fcr dich.Content \u00dcbersetzungen Deutsch \/ Englisch &nbsp; F\u00fcr ein internationales Publikum werden englische Inhalte immer wichtiger. Ob z.B. die Texte deiner Homepage, Werbematerial, [&hellip;]<\/p>","protected":false},"author":1,"featured_media":0,"parent":0,"menu_order":0,"comment_status":"closed","ping_status":"closed","template":"","meta":{"_et_pb_use_builder":"on","_et_pb_old_content":"<!-- wp:divi\/placeholder \/-->","_et_gb_content_width":"","footnotes":""},"difl_page_category":[],"class_list":["post-26","page","type-page","status-publish","hentry"],"yoast_head":"<!-- This site is optimized with the Yoast SEO plugin v27.5 - https:\/\/yoast.com\/product\/yoast-seo-wordpress\/ -->\n<title>Media \u00dcbersetzungen - Anderswelt Media Productions<\/title>\n<meta name=\"description\" content=\"F\u00fcr ein internationales Publikum werden englische Inhalte immer wichtiger. Wir machen Medien\u00fcbersetzungen jeglicher Art f\u00fcr Dich....\" \/>\n<meta name=\"robots\" content=\"index, follow, max-snippet:-1, max-image-preview:large, max-video-preview:-1\" \/>\n<link rel=\"canonical\" href=\"https:\/\/anderswelt-media.de\/en\/media-uebersetzungen\/\" \/>\n<meta property=\"og:locale\" content=\"en_GB\" \/>\n<meta property=\"og:type\" content=\"article\" \/>\n<meta property=\"og:title\" content=\"Media \u00dcbersetzungen - Anderswelt Media Productions\" \/>\n<meta property=\"og:description\" content=\"F\u00fcr ein internationales Publikum werden englische Inhalte immer wichtiger. Wir machen Medien\u00fcbersetzungen jeglicher Art f\u00fcr Dich....\" \/>\n<meta property=\"og:url\" content=\"https:\/\/anderswelt-media.de\/en\/media-uebersetzungen\/\" \/>\n<meta property=\"og:site_name\" content=\"Anderswelt Media Productions\" \/>\n<meta property=\"article:modified_time\" content=\"2024-02-05T16:28:46+00:00\" \/>\n<meta name=\"twitter:card\" content=\"summary_large_image\" \/>\n<meta name=\"twitter:label1\" content=\"Estimated reading time\" \/>\n\t<meta name=\"twitter:data1\" content=\"1 minute\" \/>\n<script type=\"application\/ld+json\" class=\"yoast-schema-graph\">{\"@context\":\"https:\\\/\\\/schema.org\",\"@graph\":[{\"@type\":\"WebPage\",\"@id\":\"https:\\\/\\\/anderswelt-media.de\\\/media-uebersetzungen\\\/\",\"url\":\"https:\\\/\\\/anderswelt-media.de\\\/media-uebersetzungen\\\/\",\"name\":\"Media \u00dcbersetzungen - Anderswelt Media Productions\",\"isPartOf\":{\"@id\":\"https:\\\/\\\/anderswelt-media.de\\\/#website\"},\"datePublished\":\"2023-11-23T12:27:06+00:00\",\"dateModified\":\"2024-02-05T16:28:46+00:00\",\"description\":\"F\u00fcr ein internationales Publikum werden englische Inhalte immer wichtiger. Wir machen Medien\u00fcbersetzungen jeglicher Art f\u00fcr Dich....\",\"breadcrumb\":{\"@id\":\"https:\\\/\\\/anderswelt-media.de\\\/media-uebersetzungen\\\/#breadcrumb\"},\"inLanguage\":\"en-GB\",\"potentialAction\":[{\"@type\":\"ReadAction\",\"target\":[\"https:\\\/\\\/anderswelt-media.de\\\/media-uebersetzungen\\\/\"]}]},{\"@type\":\"BreadcrumbList\",\"@id\":\"https:\\\/\\\/anderswelt-media.de\\\/media-uebersetzungen\\\/#breadcrumb\",\"itemListElement\":[{\"@type\":\"ListItem\",\"position\":1,\"name\":\"Startseite\",\"item\":\"https:\\\/\\\/anderswelt-media.de\\\/\"},{\"@type\":\"ListItem\",\"position\":2,\"name\":\"Media \u00dcbersetzungen\"}]},{\"@type\":\"WebSite\",\"@id\":\"https:\\\/\\\/anderswelt-media.de\\\/#website\",\"url\":\"https:\\\/\\\/anderswelt-media.de\\\/\",\"name\":\"Anderswelt Media Productions\",\"description\":\"Kreative Projekte mit Spirit\",\"potentialAction\":[{\"@type\":\"SearchAction\",\"target\":{\"@type\":\"EntryPoint\",\"urlTemplate\":\"https:\\\/\\\/anderswelt-media.de\\\/?s={search_term_string}\"},\"query-input\":{\"@type\":\"PropertyValueSpecification\",\"valueRequired\":true,\"valueName\":\"search_term_string\"}}],\"inLanguage\":\"en-GB\"}]}<\/script>\n<!-- \/ Yoast SEO plugin. -->","yoast_head_json":{"title":"Media \u00dcbersetzungen - Anderswelt Media Productions","description":"F\u00fcr ein internationales Publikum werden englische Inhalte immer wichtiger. Wir machen Medien\u00fcbersetzungen jeglicher Art f\u00fcr Dich....","robots":{"index":"index","follow":"follow","max-snippet":"max-snippet:-1","max-image-preview":"max-image-preview:large","max-video-preview":"max-video-preview:-1"},"canonical":"https:\/\/anderswelt-media.de\/en\/media-uebersetzungen\/","og_locale":"en_GB","og_type":"article","og_title":"Media \u00dcbersetzungen - Anderswelt Media Productions","og_description":"F\u00fcr ein internationales Publikum werden englische Inhalte immer wichtiger. Wir machen Medien\u00fcbersetzungen jeglicher Art f\u00fcr Dich....","og_url":"https:\/\/anderswelt-media.de\/en\/media-uebersetzungen\/","og_site_name":"Anderswelt Media Productions","article_modified_time":"2024-02-05T16:28:46+00:00","twitter_card":"summary_large_image","twitter_misc":{"Estimated reading time":"1 minute"},"schema":{"@context":"https:\/\/schema.org","@graph":[{"@type":"WebPage","@id":"https:\/\/anderswelt-media.de\/media-uebersetzungen\/","url":"https:\/\/anderswelt-media.de\/media-uebersetzungen\/","name":"Media \u00dcbersetzungen - Anderswelt Media Productions","isPartOf":{"@id":"https:\/\/anderswelt-media.de\/#website"},"datePublished":"2023-11-23T12:27:06+00:00","dateModified":"2024-02-05T16:28:46+00:00","description":"F\u00fcr ein internationales Publikum werden englische Inhalte immer wichtiger. Wir machen Medien\u00fcbersetzungen jeglicher Art f\u00fcr Dich....","breadcrumb":{"@id":"https:\/\/anderswelt-media.de\/media-uebersetzungen\/#breadcrumb"},"inLanguage":"en-GB","potentialAction":[{"@type":"ReadAction","target":["https:\/\/anderswelt-media.de\/media-uebersetzungen\/"]}]},{"@type":"BreadcrumbList","@id":"https:\/\/anderswelt-media.de\/media-uebersetzungen\/#breadcrumb","itemListElement":[{"@type":"ListItem","position":1,"name":"Startseite","item":"https:\/\/anderswelt-media.de\/"},{"@type":"ListItem","position":2,"name":"Media \u00dcbersetzungen"}]},{"@type":"WebSite","@id":"https:\/\/anderswelt-media.de\/#website","url":"https:\/\/anderswelt-media.de\/","name":"Anderswelt Media Productions","description":"Kreative Projekte mit Spirit","potentialAction":[{"@type":"SearchAction","target":{"@type":"EntryPoint","urlTemplate":"https:\/\/anderswelt-media.de\/?s={search_term_string}"},"query-input":{"@type":"PropertyValueSpecification","valueRequired":true,"valueName":"search_term_string"}}],"inLanguage":"en-GB"}]}},"_links":{"self":[{"href":"https:\/\/anderswelt-media.de\/en\/wp-json\/wp\/v2\/pages\/26","targetHints":{"allow":["GET"]}}],"collection":[{"href":"https:\/\/anderswelt-media.de\/en\/wp-json\/wp\/v2\/pages"}],"about":[{"href":"https:\/\/anderswelt-media.de\/en\/wp-json\/wp\/v2\/types\/page"}],"author":[{"embeddable":true,"href":"https:\/\/anderswelt-media.de\/en\/wp-json\/wp\/v2\/users\/1"}],"replies":[{"embeddable":true,"href":"https:\/\/anderswelt-media.de\/en\/wp-json\/wp\/v2\/comments?post=26"}],"version-history":[{"count":2,"href":"https:\/\/anderswelt-media.de\/en\/wp-json\/wp\/v2\/pages\/26\/revisions"}],"predecessor-version":[{"id":535,"href":"https:\/\/anderswelt-media.de\/en\/wp-json\/wp\/v2\/pages\/26\/revisions\/535"}],"wp:attachment":[{"href":"https:\/\/anderswelt-media.de\/en\/wp-json\/wp\/v2\/media?parent=26"}],"wp:term":[{"taxonomy":"difl_page_category","embeddable":true,"href":"https:\/\/anderswelt-media.de\/en\/wp-json\/wp\/v2\/difl_page_category?post=26"}],"curies":[{"name":"wp","href":"https:\/\/api.w.org\/{rel}","templated":true}]}}